{"id":3048,"date":"2022-10-03T16:16:33","date_gmt":"2022-10-03T16:16:33","guid":{"rendered":"https:\/\/www.escolesteatre.org\/carnet-acet\/"},"modified":"2023-03-21T14:36:23","modified_gmt":"2023-03-21T14:36:23","slug":"carnet-acet","status":"publish","type":"page","link":"https:\/\/www.escolesteatre.org\/es\/carnet-acet\/","title":{"rendered":"CARNET ACET"},"content":{"rendered":"\n<h2 class=\"wp-block-heading\">BENEFICIOS Y USOS<br\/>DEL CARNET<\/h2>\n\n<p>El carnet ACET te acredita como estudiante o docente de una de las escuelas asociadas a la ACET.<\/p>\n\n<p>Tendr\u00e1s ventajas y descuentos en las formaciones y actividades que organiza la asociaci\u00f3n y peri\u00f3dicamente anunciaremos por redes (instagram y facebook) descuentos y promociones que nos ofrecen los distintos festivales y teatros de todo el pa\u00eds.<s><\/s><\/p>\n","protected":false},"excerpt":{"rendered":"<p>BENEFICIOS Y USOSDEL CARNET El carnet ACET te acredita como estudiante o docente de una de las escuelas asociadas a la ACET. Tendr\u00e1s ventajas y descuentos en las formaciones y actividades que organiza la asociaci\u00f3n y peri\u00f3dicamente anunciaremos por redes (instagram y facebook) descuentos y promociones que nos ofrecen los distintos festivales y teatros de todo el pa\u00eds.<\/p>\n","protected":false},"author":1,"featured_media":0,"parent":0,"menu_order":0,"comment_status":"closed","ping_status":"closed","template":"carnet.php","meta":{"footnotes":""},"class_list":["post-3048","page","type-page","status-publish","hentry"],"acf":[],"_links":{"self":[{"href":"https:\/\/www.escolesteatre.org\/es\/wp-json\/wp\/v2\/pages\/3048","targetHints":{"allow":["GET"]}}],"collection":[{"href":"https:\/\/www.escolesteatre.org\/es\/wp-json\/wp\/v2\/pages"}],"about":[{"href":"https:\/\/www.escolesteatre.org\/es\/wp-json\/wp\/v2\/types\/page"}],"author":[{"embeddable":true,"href":"https:\/\/www.escolesteatre.org\/es\/wp-json\/wp\/v2\/users\/1"}],"replies":[{"embeddable":true,"href":"https:\/\/www.escolesteatre.org\/es\/wp-json\/wp\/v2\/comments?post=3048"}],"version-history":[{"count":1,"href":"https:\/\/www.escolesteatre.org\/es\/wp-json\/wp\/v2\/pages\/3048\/revisions"}],"predecessor-version":[{"id":3049,"href":"https:\/\/www.escolesteatre.org\/es\/wp-json\/wp\/v2\/pages\/3048\/revisions\/3049"}],"wp:attachment":[{"href":"https:\/\/www.escolesteatre.org\/es\/wp-json\/wp\/v2\/media?parent=3048"}],"curies":[{"name":"wp","href":"https:\/\/api.w.org\/{rel}","templated":true}]}}