{"id":3045,"date":"2022-10-03T16:16:20","date_gmt":"2022-10-03T16:16:20","guid":{"rendered":"https:\/\/www.escolesteatre.org\/que-hacemos\/"},"modified":"2023-03-21T14:32:38","modified_gmt":"2023-03-21T14:32:38","slug":"que-hacemos","status":"publish","type":"page","link":"https:\/\/www.escolesteatre.org\/es\/que-hacemos\/","title":{"rendered":"\u00bfQu\u00e8 hacemos?"},"content":{"rendered":"\n<div class=\"wp-block-columns container max-width-lg\">\n<div class=\"wp-block-column reveal-fx reveal-fx--translate-down\">\n<figure class=\"wp-block-image size-full shadow-image is-style-default\"><img loading=\"lazy\" decoding=\"async\" width=\"728\" height=\"417\" src=\"https:\/\/www.escolesteatre.org\/wp-content\/uploads\/2022\/10\/acet_qf.jpg\" alt=\"\" class=\"wp-image-232\" srcset=\"https:\/\/www.escolesteatre.org\/wp-content\/uploads\/2022\/10\/acet_qf.jpg 728w, https:\/\/www.escolesteatre.org\/wp-content\/uploads\/2022\/10\/acet_qf-300x172.jpg 300w\" sizes=\"auto, (max-width: 728px) 100vw, 728px\" \/><\/figure>\n<\/div>\n\n\n\n<div class=\"wp-block-column reveal-fx reveal-fx--translate-up\">\n<h1 class=\"text-xxxl text-anim text-anim--clip js-text-anim wp-block-heading\"><span class=\"text-anim__wrapper js-text-anim__wrapper\"><i class=\"text-anim__word text-anim__word--in js-text-anim__word\">\u00bfQu\u00e8 hacemos?<\/i><\/span><\/h1>\n\n\n\n<p class=\"custom-p\">Nuestras actividades se centran, sobre todo, en ofrecer servicios a nuestros asociados, tanto a nivel pedag\u00f3gico como cultural e informativo. ACET colabora con el resto de la comunidad educativa y cultural para la mejora del sector.<\/p>\n<\/div>\n<\/div>\n\n<div class=\"wp-block-group container max-width-lg reveal-fx reveal-fx--translate-left\"><div class=\"wp-block-group__inner-container\">\n<h2 class=\"custom-h3 wp-block-heading\">ACTIVIDADES M\u00c1S DESTACADAS<\/h2>\n\n\n\n<div class=\"wp-block-columns are-vertically-aligned-center line-bottom lateral-column\">\n<div class=\"wp-block-column is-vertically-aligned-center\">\n<p class=\"custom-p s-16\">Intercambio de informaciones y recursos entre las escuelas asociadas.<\/p>\n<\/div>\n\n\n\n<div class=\"wp-block-column is-vertically-aligned-center lines-center\">\n<p class=\"custom-p s-16\">Organizaci\u00f3n de formaciones dirigidas a docentes de las escuelas de teatro (jornadas pedag\u00f3gicas, formaciones de gesti\u00f3n emocional en las aulas, de prevenci\u00f3n de abusos, de formaci\u00f3n y orientaci\u00f3n laboral, etc.)<\/p>\n<\/div>\n\n\n\n<div class=\"wp-block-column is-vertically-aligned-center\">\n<p class=\"custom-p s-16\">Colaboraci\u00f3n con diversas entidades e instituciones educativas y culturales en la organizaci\u00f3n de formaciones, festivales y eventos, como RBLS APOSTA_Feria de espect\u00e1culos para j\u00f3venes de Catalu\u00f1a, D\u00eda Mundial del Teatro para Ni\u00f1os, D\u00eda Mundial del Teatro, Red Muses, etc.<\/p>\n<\/div>\n\n\n\n<div class=\"wp-block-column is-vertically-aligned-center lines-center\">\n<ul class=\"custom-p s-16 wp-block-list\">\n<li>Trabajo en red con:<br\/>Escuelas de teatro y formaci\u00f3n en artes esc\u00e9nicas del resto del estado espa\u00f1ol.<\/li>\n\n\n\n<li>Asociaciones de ense\u00f1anzas art\u00edsticas: XECC, ACEM, Aeda, Emip<\/li>\n\n\n\n<li>Asociaciones del sector de las artes esc\u00e9nicas: APCC, APdC, TTP, El Col\u00b7lectiu, Ciatre, Red de productoras, Red de distribuidoras, etc.<\/li>\n<\/ul>\n<\/div>\n\n\n\n<div class=\"wp-block-column is-vertically-aligned-center\">\n<p class=\"custom-p s-16\">Elaboraci\u00f3n, conjuntamente con el Dep. de Educaci\u00f3n de la Generalidad de Catalu\u00f1a y la XECC (Red de Espacios de Circo de Catalu\u00f1a) del nuevo decreto que regule las ense\u00f1anzas en teatro y circo.<\/p>\n<\/div>\n\n\n\n<div class=\"wp-block-column is-vertically-aligned-center lines-left height-100%\">\n<p class=\"custom-p s-16\">Ciclo Formativo de Grado Superior en T\u00e9cnicas de Actuaci\u00f3n Teatral.<\/p>\n<\/div>\n<\/div>\n<\/div><\/div>\n\n<div style=\"height:100px\" aria-hidden=\"true\" class=\"wp-block-spacer\"><\/div>\n\n<div class=\"wp-block-columns\">\n<div class=\"wp-block-column\">\n<figure class=\"wp-block-embed is-type-video is-provider-youtube wp-block-embed-youtube wp-embed-aspect-16-9 wp-has-aspect-ratio\"><div class=\"wp-block-embed__wrapper\">\n<iframe loading=\"lazy\" title=\"Video presentacio ACET\" width=\"500\" height=\"281\" src=\"https:\/\/www.youtube.com\/embed\/HGs7ymWoRBs?feature=oembed\" frameborder=\"0\" allow=\"accelerometer; autoplay; clipboard-write; encrypted-media; gyroscope; picture-in-picture; web-share\" referrerpolicy=\"strict-origin-when-cross-origin\" allowfullscreen><\/iframe>\n<\/div><\/figure>\n<\/div>\n<\/div>\n","protected":false},"excerpt":{"rendered":"<p>\u00bfQu\u00e8 hacemos? Nuestras actividades se centran, sobre todo, en ofrecer servicios a nuestros asociados, tanto a nivel pedag\u00f3gico como cultural e informativo. ACET colabora con el resto de la comunidad educativa y cultural para la mejora del sector. ACTIVIDADES M\u00c1S DESTACADAS Intercambio de informaciones y recursos entre las escuelas asociadas. Organizaci\u00f3n de formaciones dirigidas a docentes de las escuelas de<a href=\"https:\/\/www.escolesteatre.org\/es\/que-hacemos\/\" class=\"read-more\" rel=\"nofollow\">Vull saber m\u00e9s! +<\/a><\/p>\n","protected":false},"author":1,"featured_media":0,"parent":0,"menu_order":0,"comment_status":"closed","ping_status":"closed","template":"page.php","meta":{"footnotes":""},"class_list":["post-3045","page","type-page","status-publish","hentry"],"acf":[],"_links":{"self":[{"href":"https:\/\/www.escolesteatre.org\/es\/wp-json\/wp\/v2\/pages\/3045","targetHints":{"allow":["GET"]}}],"collection":[{"href":"https:\/\/www.escolesteatre.org\/es\/wp-json\/wp\/v2\/pages"}],"about":[{"href":"https:\/\/www.escolesteatre.org\/es\/wp-json\/wp\/v2\/types\/page"}],"author":[{"embeddable":true,"href":"https:\/\/www.escolesteatre.org\/es\/wp-json\/wp\/v2\/users\/1"}],"replies":[{"embeddable":true,"href":"https:\/\/www.escolesteatre.org\/es\/wp-json\/wp\/v2\/comments?post=3045"}],"version-history":[{"count":1,"href":"https:\/\/www.escolesteatre.org\/es\/wp-json\/wp\/v2\/pages\/3045\/revisions"}],"predecessor-version":[{"id":3046,"href":"https:\/\/www.escolesteatre.org\/es\/wp-json\/wp\/v2\/pages\/3045\/revisions\/3046"}],"wp:attachment":[{"href":"https:\/\/www.escolesteatre.org\/es\/wp-json\/wp\/v2\/media?parent=3045"}],"curies":[{"name":"wp","href":"https:\/\/api.w.org\/{rel}","templated":true}]}}